{"id":25,"date":"2021-11-30T11:52:02","date_gmt":"2021-11-30T11:52:02","guid":{"rendered":"http:\/\/eigentext.ch\/?page_id=25"},"modified":"2021-12-01T08:05:39","modified_gmt":"2021-12-01T08:05:39","slug":"ueber-uns","status":"publish","type":"page","link":"https:\/\/eigentext.ch\/?page_id=25","title":{"rendered":"\u00dcber mich"},"content":{"rendered":"\n<div class=\"wp-block-image is-style-rounded\"><figure class=\"aligncenter size-large is-resized\"><img loading=\"lazy\" src=\"http:\/\/eigentext.ch\/wp-content\/uploads\/2021\/11\/Anja-Eigenmann-009-Bearbeitet_pp-Bearbeitet-1024x683.jpg\" alt=\"\" class=\"wp-image-42\" width=\"281\" height=\"187\" srcset=\"https:\/\/eigentext.ch\/wp-content\/uploads\/2021\/11\/Anja-Eigenmann-009-Bearbeitet_pp-Bearbeitet-1024x683.jpg 1024w, https:\/\/eigentext.ch\/wp-content\/uploads\/2021\/11\/Anja-Eigenmann-009-Bearbeitet_pp-Bearbeitet-300x200.jpg 300w, https:\/\/eigentext.ch\/wp-content\/uploads\/2021\/11\/Anja-Eigenmann-009-Bearbeitet_pp-Bearbeitet-768x512.jpg 768w, https:\/\/eigentext.ch\/wp-content\/uploads\/2021\/11\/Anja-Eigenmann-009-Bearbeitet_pp-Bearbeitet-1536x1024.jpg 1536w, https:\/\/eigentext.ch\/wp-content\/uploads\/2021\/11\/Anja-Eigenmann-009-Bearbeitet_pp-Bearbeitet-2048x1365.jpg 2048w, https:\/\/eigentext.ch\/wp-content\/uploads\/2021\/11\/Anja-Eigenmann-009-Bearbeitet_pp-Bearbeitet-1568x1045.jpg 1568w\" sizes=\"(max-width: 281px) 100vw, 281px\" \/><\/figure><\/div>\n\n\n\n<p class=\"has-medium-font-size\"><strong>Durch Geschichten versteht der Mensch<\/strong><\/p>\n\n\n\n<p>Storytelling ist meine grosse Leidenschaft. Sie steht im Kern aller meiner T\u00e4tigkeiten wie Strategien, Konzepte, Texte, Storyboards, Scripts, Posts schreiben. Einen integralen Bestandteil bilden dabei Bilder, Illustrationen, Bewegtbild. Alle T\u00e4tigkeiten dienen dazu, eine konsistente Story zu erz\u00e4hlen und konsistent und verst\u00e4ndlich darzustellen. <\/p>\n\n\n\n<p>Ich bin in Print, Online- und Social Media bewandert und kenne mich mit SEO-Texten aus.<\/p>\n\n\n\n<p>Ins Berufsleben bin ich als Journalistin gestartet  mit einer berufbegleitenden Ausbildung am MAZ (Medienausbildungszentrum) in Luzern.<\/p>\n","protected":false},"excerpt":{"rendered":"<p>Durch Geschichten versteht der Mensch Storytelling ist meine grosse Leidenschaft. Sie steht im Kern aller meiner T\u00e4tigkeiten wie Strategien, Konzepte, Texte, Storyboards, Scripts, Posts schreiben. Einen integralen Bestandteil bilden dabei Bilder, Illustrationen, Bewegtbild. Alle T\u00e4tigkeiten dienen dazu, eine konsistente Story zu erz\u00e4hlen und konsistent und verst\u00e4ndlich darzustellen. Ich bin in Print, Online- und Social Media&hellip; <a class=\"more-link\" href=\"https:\/\/eigentext.ch\/?page_id=25\"><span class=\"screen-reader-text\">\u00dcber mich<\/span> weiterlesen<\/a><\/p>\n","protected":false},"author":1,"featured_media":0,"parent":0,"menu_order":0,"comment_status":"closed","ping_status":"closed","template":"","meta":[],"_links":{"self":[{"href":"https:\/\/eigentext.ch\/index.php?rest_route=\/wp\/v2\/pages\/25"}],"collection":[{"href":"https:\/\/eigentext.ch\/index.php?rest_route=\/wp\/v2\/pages"}],"about":[{"href":"https:\/\/eigentext.ch\/index.php?rest_route=\/wp\/v2\/types\/page"}],"author":[{"embeddable":true,"href":"https:\/\/eigentext.ch\/index.php?rest_route=\/wp\/v2\/users\/1"}],"replies":[{"embeddable":true,"href":"https:\/\/eigentext.ch\/index.php?rest_route=%2Fwp%2Fv2%2Fcomments&post=25"}],"version-history":[{"count":3,"href":"https:\/\/eigentext.ch\/index.php?rest_route=\/wp\/v2\/pages\/25\/revisions"}],"predecessor-version":[{"id":44,"href":"https:\/\/eigentext.ch\/index.php?rest_route=\/wp\/v2\/pages\/25\/revisions\/44"}],"wp:attachment":[{"href":"https:\/\/eigentext.ch\/index.php?rest_route=%2Fwp%2Fv2%2Fmedia&parent=25"}],"curies":[{"name":"wp","href":"https:\/\/api.w.org\/{rel}","templated":true}]}}